{"id":243,"date":"2026-01-06T09:58:09","date_gmt":"2026-01-06T08:58:09","guid":{"rendered":"https:\/\/bkbconsultants.com\/?page_id=243"},"modified":"2026-01-06T10:06:13","modified_gmt":"2026-01-06T09:06:13","slug":"elementor-243","status":"publish","type":"page","link":"https:\/\/bkbconsultants.com\/?page_id=243","title":{"rendered":"Mentions l\u00e9gales"},"content":{"rendered":"\t\t<div data-elementor-type=\"wp-page\" data-elementor-id=\"243\" class=\"elementor elementor-243\" data-elementor-post-type=\"page\">\n\t\t\t\t<div class=\"elementor-element elementor-element-a72ccf4 e-flex e-con-boxed e-con e-parent\" data-id=\"a72ccf4\" data-element_type=\"container\" data-e-type=\"container\">\n\t\t\t\t\t<div class=\"e-con-inner\">\n\t\t\t\t<div class=\"elementor-element elementor-element-ac68d26 elementor-widget elementor-widget-text-editor\" data-id=\"ac68d26\" data-element_type=\"widget\" data-e-type=\"widget\" data-widget_type=\"text-editor.default\">\n\t\t\t\t\t\t\t\t\t<h1 data-start=\"292\" data-end=\"314\"><strong data-start=\"294\" data-end=\"314\">MENTIONS L\u00c9GALES<\/strong><\/h1><h2 data-start=\"316\" data-end=\"337\">1. \u00c9diteur du site<\/h2><p data-start=\"339\" data-end=\"390\">Le pr\u00e9sent site internet est \u00e9dit\u00e9 par la soci\u00e9t\u00e9 :<\/p><p data-start=\"392\" data-end=\"821\"><strong data-start=\"392\" data-end=\"411\">BKB CONSULTANTS<\/strong><br data-start=\"411\" data-end=\"414\" \/>Soci\u00e9t\u00e9 \u00e0 responsabilit\u00e9 limit\u00e9e unipersonnelle (EURL)<br data-start=\"468\" data-end=\"471\" \/>Au capital social de <strong data-start=\"492\" data-end=\"505\">200 000 \u20ac<\/strong><br data-start=\"505\" data-end=\"508\" \/>Si\u00e8ge social : <strong data-start=\"523\" data-end=\"567\">28 C\u00f4te Berthaud \u2013 69540 Irigny (France)<\/strong><br data-start=\"567\" data-end=\"570\" \/>SIREN : <strong data-start=\"578\" data-end=\"593\">853 619 229<\/strong><br data-start=\"593\" data-end=\"596\" \/>SIRET (si\u00e8ge) : <strong data-start=\"612\" data-end=\"633\">853 619 229 00018<\/strong><br data-start=\"633\" data-end=\"636\" \/>Num\u00e9ro de TVA intracommunautaire : <strong data-start=\"671\" data-end=\"689\">FR81 853619229<\/strong><br data-start=\"689\" data-end=\"692\" \/>Inscrite au Registre du Commerce et des Soci\u00e9t\u00e9s (RCS) de <strong data-start=\"750\" data-end=\"758\">Lyon<\/strong><\/p><p data-start=\"823\" data-end=\"983\">T\u00e9l\u00e9phone : 04 51 26 25 11<br data-start=\"848\" data-end=\"851\" \/>Adresse e-mail : contact@bkbconsultants.com<br data-start=\"881\" data-end=\"884\" \/>Directeur de la publication : <strong data-start=\"914\" data-end=\"937\">M. Bertrand Bieniek<\/strong>, g\u00e9rant<\/p><hr data-start=\"985\" data-end=\"988\" \/><h2 data-start=\"990\" data-end=\"1016\">2. Activit\u00e9 r\u00e9glement\u00e9e<\/h2><p data-start=\"1018\" data-end=\"1087\">La soci\u00e9t\u00e9 exerce une <strong data-start=\"1040\" data-end=\"1086\">activit\u00e9 r\u00e9glement\u00e9e d\u2019expertise comptable<\/strong>.<\/p><p data-start=\"1089\" data-end=\"1340\">Elle est inscrite au Tableau de l\u2019Ordre des Experts-Comptables et doit respecter les textes l\u00e9gaux et r\u00e8glementaires applicables \u00e0 la profession (notamment l\u2019ordonnance n\u00b0 45-2138 du 19 septembre 1945 et le Code de d\u00e9ontologie des experts-comptables).<\/p><hr data-start=\"1342\" data-end=\"1345\" \/><h2 data-start=\"1347\" data-end=\"1364\">3. H\u00e9bergement<\/h2><p data-start=\"1366\" data-end=\"1530\">Le site est h\u00e9berg\u00e9 par :\u00a0<strong data-start=\"1394\" data-end=\"1418\">OVH<\/strong><br data-start=\"1418\" data-end=\"1421\" \/>Adresse : <span class=\"gs_cit_txt\" tabindex=\"-1\" data-sups=\"1\" data-hover-id=\"1\"><span class=\"gs_tkn\">2,\u00a0<\/span><span class=\"gs_tkn\">rue\u00a0<\/span><span class=\"gs_tkn\">Kellermann,\u00a0<\/span><span class=\"gs_tkn\">59100\u00a0<\/span><span class=\"gs_tkn\">Roubaix,\u00a0<\/span><span class=\"gs_tkn\">France.\u00a0<br \/><\/span><\/span>Site web : https:\/\/www.ovhcloud.com\/fr\/<\/p><hr data-start=\"1532\" data-end=\"1535\" \/><h2 data-start=\"1537\" data-end=\"1567\">4. Propri\u00e9t\u00e9 intellectuelle<\/h2><p data-start=\"1569\" data-end=\"1826\">L\u2019int\u00e9gralit\u00e9 du contenu du site (textes, images, graphismes, logos, animations, etc.) est la propri\u00e9t\u00e9 exclusive de <strong data-start=\"1686\" data-end=\"1705\">BKB CONSULTANTS<\/strong> ou de ses partenaires et est prot\u00e9g\u00e9 par les lois fran\u00e7aises et internationales relatives \u00e0 la propri\u00e9t\u00e9 intellectuelle.<\/p><p data-start=\"1828\" data-end=\"1990\">Toute reproduction, repr\u00e9sentation, adaptation ou exploitation, m\u00eame partielle, des \u00e9l\u00e9ments du site est strictement interdite sans autorisation \u00e9crite pr\u00e9alable.<\/p><hr data-start=\"1992\" data-end=\"1995\" \/><h2 data-start=\"1997\" data-end=\"2017\">5. Responsabilit\u00e9<\/h2><p data-start=\"2019\" data-end=\"2333\">Les informations diffus\u00e9es sur le site sont fournies \u00e0 titre indicatif et g\u00e9n\u00e9ral. Elles n\u2019ont pas de valeur contractuelle, juridique, fiscale ou comptable. <strong data-start=\"2176\" data-end=\"2333\">BKB CONSULTANTS ne peut \u00eatre tenue responsable de l\u2019utilisation qui pourrait \u00eatre faite de ces informations ou de toute erreur, inexactitude ou omission.<\/strong><\/p><hr data-start=\"2335\" data-end=\"2338\" \/><h2 data-start=\"2340\" data-end=\"2373\">6. Donn\u00e9es personnelles \u2013 RGPD<\/h2><p data-start=\"2375\" data-end=\"2460\">Conform\u00e9ment au R\u00e8glement (UE) 2016\/679 (RGPD) et \u00e0 la loi Informatique et Libert\u00e9s :<\/p><ul data-start=\"2462\" data-end=\"3107\"><li data-start=\"2462\" data-end=\"2671\"><p data-start=\"2464\" data-end=\"2671\">Les donn\u00e9es collect\u00e9es sur ce site via les formulaires sont trait\u00e9es par <strong data-start=\"2537\" data-end=\"2556\">BKB CONSULTANTS<\/strong> pour les finalit\u00e9s de gestion des contacts, demande d\u2019informations, relations commerciales et obligations l\u00e9gales.<\/p><\/li><li data-start=\"2672\" data-end=\"2791\"><p data-start=\"2674\" data-end=\"2791\">Elles sont conserv\u00e9es pendant la dur\u00e9e n\u00e9cessaire \u00e0 la gestion de la finalit\u00e9 pour laquelle elles ont \u00e9t\u00e9 collect\u00e9es.<\/p><\/li><li data-start=\"2792\" data-end=\"2931\"><p data-start=\"2794\" data-end=\"2931\">Les utilisateurs disposent d\u2019un droit d\u2019acc\u00e8s, de rectification, d\u2019effacement, de limitation, d\u2019opposition et de portabilit\u00e9 des donn\u00e9es.<\/p><\/li><li data-start=\"2932\" data-end=\"3035\"><p data-start=\"2934\" data-end=\"3035\">Pour exercer ces droits, contacter <strong data-start=\"2969\" data-end=\"2996\">contact@bkbconsultants.com<\/strong> ou \u00e9crire \u00e0 l\u2019adresse du si\u00e8ge social.<\/p><\/li><li data-start=\"3036\" data-end=\"3107\"><p data-start=\"3038\" data-end=\"3107\">En cas de litige, vous pouvez adresser une r\u00e9clamation \u00e0 la <strong data-start=\"3098\" data-end=\"3106\">CNIL<\/strong>.<\/p><\/li><\/ul><hr data-start=\"3109\" data-end=\"3112\" \/><h2 data-start=\"3114\" data-end=\"3127\">7. Cookies<\/h2><p data-start=\"3129\" data-end=\"3184\">Le site peut \u00eatre amen\u00e9 \u00e0 utiliser des cookies pour :<\/p><ul data-start=\"3185\" data-end=\"3269\"><li data-start=\"3185\" data-end=\"3213\"><p data-start=\"3187\" data-end=\"3213\">optimiser la navigation,<\/p><\/li><li data-start=\"3214\" data-end=\"3237\"><p data-start=\"3216\" data-end=\"3237\">mesurer l\u2019audience,<\/p><\/li><li data-start=\"3238\" data-end=\"3269\"><p data-start=\"3240\" data-end=\"3269\">proposer des fonctionnalit\u00e9s.<\/p><\/li><\/ul><p data-start=\"3271\" data-end=\"3341\">L\u2019utilisateur peut configurer son navigateur pour refuser les cookies.<\/p><hr data-start=\"3343\" data-end=\"3346\" \/><h2 data-start=\"3348\" data-end=\"3384\">8. Donn\u00e9es RCS et immatriculation<\/h2><p data-start=\"3386\" data-end=\"3634\">D\u00e9nomination : <strong data-start=\"3401\" data-end=\"3420\">BKB CONSULTANTS<\/strong><br data-start=\"3420\" data-end=\"3423\" \/>Forme juridique : <strong data-start=\"3441\" data-end=\"3449\">EURL<\/strong><br data-start=\"3449\" data-end=\"3452\" \/>RCS : <strong data-start=\"3458\" data-end=\"3480\">Lyon \u2013 853 619 229<\/strong><br data-start=\"3480\" data-end=\"3483\" \/>Si\u00e8ge social : <strong data-start=\"3498\" data-end=\"3533\">28 C\u00f4te Berthaud \u2013 69540 Irigny<\/strong><br data-start=\"3533\" data-end=\"3536\" \/>Activit\u00e9 principale : activit\u00e9s comptables (code APE 69.20Z)<\/p><hr data-start=\"3636\" data-end=\"3639\" \/><h2 data-start=\"3641\" data-end=\"3663\">9. Droit applicable<\/h2><p data-start=\"3665\" data-end=\"3782\">Le pr\u00e9sent site est soumis au <strong data-start=\"3695\" data-end=\"3713\">droit fran\u00e7ais<\/strong>.<br data-start=\"3714\" data-end=\"3717\" \/>En cas de litige, les tribunaux fran\u00e7ais seront seuls comp\u00e9tents.<\/p>\t\t\t\t\t\t\t\t<\/div>\n\t\t\t\t\t<\/div>\n\t\t\t\t<\/div>\n\t\t\t\t<\/div>\n\t\t","protected":false},"excerpt":{"rendered":"<p>MENTIONS L\u00c9GALES 1. \u00c9diteur du site Le pr\u00e9sent site internet est \u00e9dit\u00e9 par la soci\u00e9t\u00e9 : BKB CONSULTANTSSoci\u00e9t\u00e9 \u00e0 responsabilit\u00e9 limit\u00e9e unipersonnelle (EURL)Au capital social de 200 000 \u20acSi\u00e8ge social : 28 C\u00f4te Berthaud \u2013 69540 Irigny (France)SIREN : 853 619 229SIRET (si\u00e8ge) : 853 619 229 00018Num\u00e9ro de TVA intracommunautaire : FR81 853619229Inscrite au [&hellip;]<\/p>\n","protected":false},"author":1,"featured_media":0,"parent":0,"menu_order":0,"comment_status":"closed","ping_status":"closed","template":"","meta":{"footnotes":""},"class_list":["post-243","page","type-page","status-publish","hentry"],"_links":{"self":[{"href":"https:\/\/bkbconsultants.com\/index.php?rest_route=\/wp\/v2\/pages\/243","targetHints":{"allow":["GET"]}}],"collection":[{"href":"https:\/\/bkbconsultants.com\/index.php?rest_route=\/wp\/v2\/pages"}],"about":[{"href":"https:\/\/bkbconsultants.com\/index.php?rest_route=\/wp\/v2\/types\/page"}],"author":[{"embeddable":true,"href":"https:\/\/bkbconsultants.com\/index.php?rest_route=\/wp\/v2\/users\/1"}],"replies":[{"embeddable":true,"href":"https:\/\/bkbconsultants.com\/index.php?rest_route=%2Fwp%2Fv2%2Fcomments&post=243"}],"version-history":[{"count":8,"href":"https:\/\/bkbconsultants.com\/index.php?rest_route=\/wp\/v2\/pages\/243\/revisions"}],"predecessor-version":[{"id":256,"href":"https:\/\/bkbconsultants.com\/index.php?rest_route=\/wp\/v2\/pages\/243\/revisions\/256"}],"wp:attachment":[{"href":"https:\/\/bkbconsultants.com\/index.php?rest_route=%2Fwp%2Fv2%2Fmedia&parent=243"}],"curies":[{"name":"wp","href":"https:\/\/api.w.org\/{rel}","templated":true}]}}